{"id":475,"date":"2020-10-23T14:27:02","date_gmt":"2020-10-23T12:27:02","guid":{"rendered":"http:\/\/bajkiwitnika.pl\/?page_id=475"},"modified":"2020-10-23T14:27:32","modified_gmt":"2020-10-23T12:27:32","slug":"pokoloruj-z-pania-magda-cwiertnia","status":"publish","type":"page","link":"https:\/\/bajkiwitnika.pl\/index.php\/pokoloruj-z-pania-magda-cwiertnia\/","title":{"rendered":"Pokoloruj z Pani\u0105 Magd\u0105 \u0106wiertni\u0105"},"content":{"rendered":"","protected":false},"excerpt":{"rendered":"","protected":false},"author":1,"featured_media":0,"parent":0,"menu_order":0,"comment_status":"closed","ping_status":"closed","template":"elementor_header_footer","meta":{"footnotes":""},"class_list":["post-475","page","type-page","status-publish"],"_links":{"self":[{"href":"https:\/\/bajkiwitnika.pl\/index.php\/wp-json\/wp\/v2\/pages\/475","targetHints":{"allow":["GET"]}}],"collection":[{"href":"https:\/\/bajkiwitnika.pl\/index.php\/wp-json\/wp\/v2\/pages"}],"about":[{"href":"https:\/\/bajkiwitnika.pl\/index.php\/wp-json\/wp\/v2\/types\/page"}],"author":[{"embeddable":true,"href":"https:\/\/bajkiwitnika.pl\/index.php\/wp-json\/wp\/v2\/users\/1"}],"replies":[{"embeddable":true,"href":"https:\/\/bajkiwitnika.pl\/index.php\/wp-json\/wp\/v2\/comments?post=475"}],"version-history":[{"count":1,"href":"https:\/\/bajkiwitnika.pl\/index.php\/wp-json\/wp\/v2\/pages\/475\/revisions"}],"predecessor-version":[{"id":476,"href":"https:\/\/bajkiwitnika.pl\/index.php\/wp-json\/wp\/v2\/pages\/475\/revisions\/476"}],"wp:attachment":[{"href":"https:\/\/bajkiwitnika.pl\/index.php\/wp-json\/wp\/v2\/media?parent=475"}],"curies":[{"name":"wp","href":"https:\/\/api.w.org\/{rel}","templated":true}]}}